{"id":66,"date":"2023-04-10T18:00:28","date_gmt":"2023-04-10T23:00:28","guid":{"rendered":"https:\/\/prefabsol.com\/?page_id=66"},"modified":"2023-10-03T17:18:20","modified_gmt":"2023-10-03T23:18:20","slug":"servicios","status":"publish","type":"page","link":"https:\/\/prefabsol.com\/en\/servicios\/","title":{"rendered":"Services"},"content":{"rendered":"<p>[et_pb_section fb_built=\u00bb1&#8243; _builder_version=\u00bb4.20.4&#8243; _module_preset=\u00bbdefault\u00bb background_image=\u00bbhttp:\/\/prefabsol.com\/wp-content\/uploads\/2023\/04\/encabezadoservicios.jpg\u00bb min_height=\u00bb280px\u00bb height=\u00bb280px\u00bb global_colors_info=\u00bb{}\u00bb][et_pb_row use_custom_gutter=\u00bbon\u00bb gutter_width=\u00bb2&#8243; _builder_version=\u00bb4.20.4&#8243; _module_preset=\u00bbdefault\u00bb width=\u00bb100%\u00bb custom_padding=\u00bb||6px|||\u00bb global_colors_info=\u00bb{}\u00bb][et_pb_column type=\u00bb4_4&#8243; _builder_version=\u00bb4.20.4&#8243; _module_preset=\u00bbdefault\u00bb global_colors_info=\u00bb{}\u00bb][et_pb_text _builder_version=\u00bb4.20.4&#8243; _module_preset=\u00bbdefault\u00bb text_font=\u00bb|600|||||||\u00bb text_font_size=\u00bb40px\u00bb custom_margin=\u00bb30px|||||\u00bb custom_padding=\u00bb||8px|||\u00bb global_colors_info=\u00bb{}\u00bb]<span style=\"color: #ffffff;\">\u00a0 \u00a0 \u00a0Services<\/span>[\/et_pb_text][\/et_pb_column][\/et_pb_row][et_pb_row _builder_version=\u00bb4.20.4&#8243; _module_preset=\u00bbdefault\u00bb width=\u00bb55%\u00bb module_alignment=\u00bbleft\u00bb custom_margin=\u00bb-8px|auto||auto||\u00bb custom_padding=\u00bb2px||42px|||\u00bb global_colors_info=\u00bb{}\u00bb][et_pb_column type=\u00bb4_4&#8243; _builder_version=\u00bb4.20.4&#8243; _module_preset=\u00bbdefault\u00bb global_colors_info=\u00bb{}\u00bb][et_pb_image src=\u00bbhttp:\/\/prefabsol.com\/wp-content\/uploads\/2023\/04\/linearoja.png\u00bb title_text=\u00bblinearoja\u00bb _builder_version=\u00bb4.20.4&#8243; _module_preset=\u00bbdefault\u00bb width=\u00bb43%\u00bb max_width=\u00bb43%\u00bb global_colors_info=\u00bb{}\u00bb][\/et_pb_image][\/et_pb_column][\/et_pb_row][\/et_pb_section][et_pb_section fb_built=\u00bb1&#8243; _builder_version=\u00bb4.20.4&#8243; _module_preset=\u00bbdefault\u00bb background_color=\u00bb#f1f3f6&#8243; background_enable_image=\u00bboff\u00bb border_width_bottom=\u00bb1px\u00bb border_color_bottom=\u00bb#e5e5e5&#8243; global_colors_info=\u00bb{}\u00bb][et_pb_row column_structure=\u00bb1_4,1_4,1_4,1_4&#8243; use_custom_gutter=\u00bbon\u00bb gutter_width=\u00bb2&#8243; make_equal=\u00bbon\u00bb _builder_version=\u00bb4.20.4&#8243; _module_preset=\u00bbdefault\u00bb module_alignment=\u00bbcenter\u00bb global_colors_info=\u00bb{}\u00bb][et_pb_column type=\u00bb1_4&#8243; _builder_version=\u00bb4.20.4&#8243; _module_preset=\u00bbdefault\u00bb global_colors_info=\u00bb{}\u00bb][et_pb_text _builder_version=\u00bb4.21.0&#8243; _module_preset=\u00bbdefault\u00bb text_text_color=\u00bb#ffffff\u00bb text_line_height=\u00bb1.2em\u00bb header_4_font=\u00bb|600|||||||\u00bb header_4_text_color=\u00bb#ffffff\u00bb header_4_font_size=\u00bb24px\u00bb background_color=\u00bb#d30010&#8243; custom_margin=\u00bb||||false|false\u00bb custom_padding=\u00bb20px|20px||20px|false|false\u00bb border_radii=\u00bbon|3px|3px|3px|3px\u00bb global_colors_info=\u00bb{}\u00bb]<\/p>\n<h4>Desig<span>n<\/span> and engine<span>ering<\/span><\/h4>\n<p>We use design and engineering to create effective and safe solutions. With a focus on prevention, our planning and technology help protect lives and other valuable assets of our clients' companies.<\/p>\n<p>&nbsp;<\/p>\n<p>[\/et_pb_text][et_pb_image src=\u00bbhttp:\/\/prefabsol.com\/wp-content\/uploads\/2023\/04\/diseno-ingenieria.png\u00bb title_text=\u00bbdiseno-ingenieria\u00bb _builder_version=\u00bb4.20.4&#8243; _module_preset=\u00bbdefault\u00bb custom_margin=\u00bb-30px||||false|false\u00bb global_colors_info=\u00bb{}\u00bb][\/et_pb_image][\/et_pb_column][et_pb_column type=\u00bb1_4&#8243; _builder_version=\u00bb4.20.4&#8243; _module_preset=\u00bbdefault\u00bb global_colors_info=\u00bb{}\u00bb][et_pb_text _builder_version=\u00bb4.20.4&#8243; _module_preset=\u00bbdefault\u00bb text_text_color=\u00bb#ffffff\u00bb text_line_height=\u00bb1.2em\u00bb header_4_font=\u00bb|600|||||||\u00bb header_4_font_size=\u00bb24px\u00bb background_color=\u00bb#d30010&#8243; background_layout=\u00bbdark\u00bb custom_margin=\u00bb||||false|false\u00bb custom_padding=\u00bb20px|20px||20px|false|false\u00bb border_radii=\u00bbon|5px|5px|5px|5px\u00bb global_colors_info=\u00bb{}\u00bb]<\/p>\n<h4>Custom product<\/h4>\n<p>We can create a design tailored to your needs<br \/>We fit UL\/FM listed and approved brands O-lets. As are Merit, Victaulic and Sigma.<\/p>\n<p>&nbsp;<\/p>\n<p>[\/et_pb_text][et_pb_image src=\u00bbhttp:\/\/prefabsol.com\/wp-content\/uploads\/2023\/04\/producto-personalizado.png\u00bb title_text=\u00bbproducto-personalizado\u00bb _builder_version=\u00bb4.20.4&#8243; _module_preset=\u00bbdefault\u00bb custom_margin=\u00bb-30px||||false|false\u00bb custom_padding=\u00bb||||false|false\u00bb global_colors_info=\u00bb{}\u00bb][\/et_pb_image][\/et_pb_column][et_pb_column type=\u00bb1_4&#8243; _builder_version=\u00bb4.20.4&#8243; _module_preset=\u00bbdefault\u00bb global_colors_info=\u00bb{}\u00bb][et_pb_text _builder_version=\u00bb4.21.0&#8243; _module_preset=\u00bbdefault\u00bb text_text_color=\u00bb#ffffff\u00bb text_line_height=\u00bb1.2em\u00bb header_4_font=\u00bb|600|||||||\u00bb header_4_text_color=\u00bb#ffffff\u00bb header_4_font_size=\u00bb24px\u00bb background_color=\u00bb#d30010&#8243; custom_margin=\u00bb||||false|false\u00bb custom_padding=\u00bb20px|20px||20px|false|false\u00bb border_radii=\u00bbon|5px|5px|5px|5px\u00bb global_colors_info=\u00bb{}\u00bb]<\/p>\n<h4>Finished product<\/h4>\n<p>We work with UL\/FM listed and approved pipes <span>such as Wheatland, Borusan Mannesmann, and MS Pipe.<\/span><\/p>\n<p>Once the painting process is completed, the pipes are ready to be packed and delivered.<\/p>\n<p>&nbsp;<\/p>\n<p>[\/et_pb_text][et_pb_image src=\u00bbhttp:\/\/prefabsol.com\/wp-content\/uploads\/2023\/04\/producto-terminado.png\u00bb title_text=\u00bbproducto-terminado\u00bb _builder_version=\u00bb4.20.4&#8243; _module_preset=\u00bbdefault\u00bb custom_margin=\u00bb-30px||||false|false\u00bb global_colors_info=\u00bb{}\u00bb][\/et_pb_image][\/et_pb_column][et_pb_column type=\u00bb1_4&#8243; _builder_version=\u00bb4.20.4&#8243; _module_preset=\u00bbdefault\u00bb global_colors_info=\u00bb{}\u00bb][et_pb_text _builder_version=\u00bb4.21.0&#8243; _module_preset=\u00bbdefault\u00bb text_text_color=\u00bb#ffffff\u00bb text_line_height=\u00bb1.2em\u00bb header_4_font=\u00bb|600|||||||\u00bb header_4_text_color=\u00bb#ffffff\u00bb header_4_font_size=\u00bb24px\u00bb background_color=\u00bb#d30010&#8243; custom_margin=\u00bb||||false|false\u00bb custom_padding=\u00bb20px|20px||20px|false|false\u00bb border_radii=\u00bbon|5px|5px|5px|5px\u00bb global_colors_info=\u00bb{}\u00bb]<\/p>\n<h4><span>Logi<\/span>stics and transportatio<span>n<\/span><\/h4>\n<p>We have our own logistics and transportation team. Our goal is to provide timely delivery of products while adding value by ensuring that each shipment arrives safely at its destination.<\/p>\n<p>&nbsp;<\/p>\n<p>[\/et_pb_text][et_pb_image src=\u00bbhttp:\/\/prefabsol.com\/wp-content\/uploads\/2023\/04\/logistica-transportacion.png\u00bb title_text=\u00bblogistica-transportacion\u00bb _builder_version=\u00bb4.20.4&#8243; _module_preset=\u00bbdefault\u00bb custom_margin=\u00bb-30px||||false|false\u00bb global_colors_info=\u00bb{}\u00bb][\/et_pb_image][\/et_pb_column][\/et_pb_row][et_pb_row column_structure=\u00bb2_5,3_5&#8243; _builder_version=\u00bb4.20.4&#8243; _module_preset=\u00bbdefault\u00bb global_colors_info=\u00bb{}\u00bb][et_pb_column type=\u00bb2_5&#8243; _builder_version=\u00bb4.20.4&#8243; _module_preset=\u00bbdefault\u00bb global_colors_info=\u00bb{}\u00bb][et_pb_text _builder_version=\u00bb4.20.4&#8243; _module_preset=\u00bbdefault\u00bb text_text_color=\u00bb#000000&#8243; text_line_height=\u00bb1.2em\u00bb header_font=\u00bb|600|||||||\u00bb header_font_size=\u00bb36px\u00bb global_colors_info=\u00bb{}\u00bb]<\/p>\n<h1>Commitment Prefab<\/h1>\n<p>Our extensive experience in the market allows us to understand and serve various industries, creating alliances with our clients' projects, offering comprehensive solutions and excellent customer service.<\/p>\n<p>Our projects are prepared under the specifications established by our clients, thus guaranteeing compliance with the project before regulatory and insurance entities.<\/p>\n<p>[\/et_pb_text][et_pb_button button_url=\u00bbmailto:ventas@prefabsol.com\u00bb button_text=\u00bbSolicita una cotizaci\u00f3n\u00bb button_alignment=\u00bbleft\u00bb _builder_version=\u00bb4.21.0&#8243; _module_preset=\u00bbdefault\u00bb custom_button=\u00bbon\u00bb button_text_size=\u00bb16px\u00bb button_bg_color=\u00bb#ff0016&#8243; button_border_width=\u00bb0px\u00bb button_border_radius=\u00bb3px\u00bb background_layout=\u00bbdark\u00bb global_colors_info=\u00bb{}\u00bb][\/et_pb_button][et_pb_button button_url=\u00bbhttps:\/\/wa.me\/528123541961&#8243; url_new_window=\u00bbon\u00bb button_text=\u00bbHablemos por Whatsapp \u00bb button_alignment=\u00bbleft\u00bb _builder_version=\u00bb4.22.2&#8243; _module_preset=\u00bbdefault\u00bb custom_button=\u00bbon\u00bb button_text_size=\u00bb16px\u00bb button_bg_color=\u00bb#22b13a\u00bb button_border_width=\u00bb0px\u00bb button_border_radius=\u00bb3px\u00bb button_icon=\u00bb&#xf232;||fa||400&#8243; button_on_hover=\u00bboff\u00bb background_layout=\u00bbdark\u00bb hover_enabled=\u00bb0&#8243; global_colors_info=\u00bb{}\u00bb sticky_enabled=\u00bb0&#8243;][\/et_pb_button][\/et_pb_column][et_pb_column type=\u00bb3_5&#8243; _builder_version=\u00bb4.20.4&#8243; _module_preset=\u00bbdefault\u00bb global_colors_info=\u00bb{}\u00bb][et_pb_gallery gallery_ids=\u00bb332&#8243; fullwidth=\u00bbon\u00bb _builder_version=\u00bb4.20.4&#8243; _module_preset=\u00bbdefault\u00bb global_colors_info=\u00bb{}\u00bb][\/et_pb_gallery][\/et_pb_column][\/et_pb_row][\/et_pb_section]<\/p>","protected":false},"excerpt":{"rendered":"<p>\u00a0 \u00a0 \u00a0ServiciosDise\u00f1o e ingenier\u00eda Utilizamos el dise\u00f1o y la ingenier\u00eda para crear soluciones eficaces y seguras. Con enfoque en la prevenci\u00f3n, nuestra planificaci\u00f3n y tecnolog\u00eda ayudan a proteger vidas y otros activos valiosos de las empresas de nuestros clientes. &nbsp;Producto personalizado Podemos realizar un dise\u00f1o hecho a la medida de sus necesidades.Colocamos O-lets de [&hellip;]<\/p>","protected":false},"author":1,"featured_media":0,"parent":0,"menu_order":0,"comment_status":"closed","ping_status":"closed","template":"","meta":{"_et_pb_use_builder":"on","_et_pb_old_content":"","_et_gb_content_width":"","_mi_skip_tracking":false,"_joinchat":[],"footnotes":""},"aioseo_notices":[],"_links":{"self":[{"href":"https:\/\/prefabsol.com\/en\/wp-json\/wp\/v2\/pages\/66"}],"collection":[{"href":"https:\/\/prefabsol.com\/en\/wp-json\/wp\/v2\/pages"}],"about":[{"href":"https:\/\/prefabsol.com\/en\/wp-json\/wp\/v2\/types\/page"}],"author":[{"embeddable":true,"href":"https:\/\/prefabsol.com\/en\/wp-json\/wp\/v2\/users\/1"}],"replies":[{"embeddable":true,"href":"https:\/\/prefabsol.com\/en\/wp-json\/wp\/v2\/comments?post=66"}],"version-history":[{"count":19,"href":"https:\/\/prefabsol.com\/en\/wp-json\/wp\/v2\/pages\/66\/revisions"}],"predecessor-version":[{"id":2027,"href":"https:\/\/prefabsol.com\/en\/wp-json\/wp\/v2\/pages\/66\/revisions\/2027"}],"wp:attachment":[{"href":"https:\/\/prefabsol.com\/en\/wp-json\/wp\/v2\/media?parent=66"}],"curies":[{"name":"wp","href":"https:\/\/api.w.org\/{rel}","templated":true}]}}