{"id":68,"date":"2023-04-10T18:00:48","date_gmt":"2023-04-10T23:00:48","guid":{"rendered":"https:\/\/prefabsol.com\/?page_id=68"},"modified":"2023-05-11T15:17:34","modified_gmt":"2023-05-11T21:17:34","slug":"proceso","status":"publish","type":"page","link":"https:\/\/prefabsol.com\/en\/proceso\/","title":{"rendered":"Process"},"content":{"rendered":"<p>[et_pb_section fb_built=\u00bb1&#8243; _builder_version=\u00bb4.20.4&#8243; _module_preset=\u00bbdefault\u00bb background_image=\u00bbhttp:\/\/prefabsol.com\/wp-content\/uploads\/2023\/04\/encabezadoproceso.jpg\u00bb min_height=\u00bb280px\u00bb height=\u00bb280px\u00bb global_colors_info=\u00bb{}\u00bb][et_pb_row use_custom_gutter=\u00bbon\u00bb gutter_width=\u00bb2&#8243; _builder_version=\u00bb4.20.4&#8243; _module_preset=\u00bbdefault\u00bb width=\u00bb100%\u00bb custom_padding=\u00bb||6px|||\u00bb global_colors_info=\u00bb{}\u00bb][et_pb_column type=\u00bb4_4&#8243; _builder_version=\u00bb4.20.4&#8243; _module_preset=\u00bbdefault\u00bb global_colors_info=\u00bb{}\u00bb][et_pb_text _builder_version=\u00bb4.20.4&#8243; _module_preset=\u00bbdefault\u00bb text_font=\u00bb|600|||||||\u00bb text_font_size=\u00bb40px\u00bb custom_margin=\u00bb30px|||||\u00bb custom_padding=\u00bb||8px|||\u00bb global_colors_info=\u00bb{}\u00bb]<span style=\"color: #ffffff;\">\u00a0 \u00a0 \u00a0Process<\/span>[\/et_pb_text][\/et_pb_column][\/et_pb_row][et_pb_row _builder_version=\u00bb4.20.4&#8243; _module_preset=\u00bbdefault\u00bb width=\u00bb55%\u00bb module_alignment=\u00bbleft\u00bb custom_margin=\u00bb-8px|auto||auto||\u00bb custom_padding=\u00bb2px||42px|||\u00bb global_colors_info=\u00bb{}\u00bb][et_pb_column type=\u00bb4_4&#8243; _builder_version=\u00bb4.20.4&#8243; _module_preset=\u00bbdefault\u00bb global_colors_info=\u00bb{}\u00bb][et_pb_image src=\u00bbhttp:\/\/prefabsol.com\/wp-content\/uploads\/2023\/04\/linearoja.png\u00bb title_text=\u00bblinearoja\u00bb _builder_version=\u00bb4.20.4&#8243; _module_preset=\u00bbdefault\u00bb width=\u00bb43%\u00bb max_width=\u00bb43%\u00bb global_colors_info=\u00bb{}\u00bb][\/et_pb_image][\/et_pb_column][\/et_pb_row][\/et_pb_section][et_pb_section fb_built=\u00bb1&#8243; disabled_on=\u00bbon|off|off\u00bb _builder_version=\u00bb4.20.4&#8243; _module_preset=\u00bbdefault\u00bb background_color=\u00bb#000000&#8243; custom_padding=\u00bb0px||3px|||\u00bb global_colors_info=\u00bb{}\u00bb][et_pb_row column_structure=\u00bb1_5,1_5,1_5,1_5,1_5&#8243; use_custom_gutter=\u00bbon\u00bb gutter_width=\u00bb2&#8243; make_equal=\u00bbon\u00bb _builder_version=\u00bb4.20.4&#8243; _module_preset=\u00bbdefault\u00bb width=\u00bb70%\u00bb global_colors_info=\u00bb{}\u00bb][et_pb_column type=\u00bb1_5&#8243; _builder_version=\u00bb4.20.4&#8243; _module_preset=\u00bbdefault\u00bb custom_css_main_element=\u00bbwidth: 20% !important;\u00bb global_colors_info=\u00bb{}\u00bb][et_pb_text _builder_version=\u00bb4.20.4&#8243; _module_preset=\u00bbdefault\u00bb text_font=\u00bb|600|||||||\u00bb text_text_color=\u00bb#ffffff\u00bb text_orientation=\u00bbcenter\u00bb custom_margin=\u00bb||||false|false\u00bb custom_padding=\u00bb|||12px|false|false\u00bb border_width_right=\u00bb1px\u00bb border_color_right=\u00bb#9b9b9b\u00bb global_colors_info=\u00bb{}\u00bb]<\/p>\n<p><a href=\"#planeacion\" class=\"mi-enlace\">Planning<\/a><br \/><span style=\"color: #000000;\">planning<\/span><\/p>\n<p>[\/et_pb_text][\/et_pb_column][et_pb_column type=\u00bb1_5&#8243; _builder_version=\u00bb4.20.4&#8243; _module_preset=\u00bbdefault\u00bb custom_padding=\u00bb||||false|false\u00bb custom_css_main_element=\u00bbwidth: 20% !important;\u00bb global_colors_info=\u00bb{}\u00bb][et_pb_text _builder_version=\u00bb4.20.4&#8243; _module_preset=\u00bbdefault\u00bb text_font=\u00bb|600|||||||\u00bb text_text_color=\u00bb#ffffff\u00bb text_orientation=\u00bbcenter\u00bb custom_margin=\u00bb||||false|false\u00bb custom_padding=\u00bb|8px|||false|false\u00bb border_width_right=\u00bb1px\u00bb border_color_right=\u00bb#9b9b9b\u00bb global_colors_info=\u00bb{}\u00bb]<a href=\"#corte\" class=\"mi-enlace\">Robotic Cutting and Welding<\/a>[\/et_pb_text][\/et_pb_column][et_pb_column type=\u00bb1_5&#8243; _builder_version=\u00bb4.20.4&#8243; _module_preset=\u00bbdefault\u00bb custom_css_main_element=\u00bbwidth: 20% !important;\u00bb global_colors_info=\u00bb{}\u00bb][et_pb_text _builder_version=\u00bb4.20.4&#8243; _module_preset=\u00bbdefault\u00bb text_font=\u00bb|600|||||||\u00bb text_text_color=\u00bb#ffffff\u00bb text_orientation=\u00bbcenter\u00bb custom_padding=\u00bb|20px|||false|false\u00bb border_width_right=\u00bb1px\u00bb border_color_right=\u00bb#9b9b9b\u00bb global_colors_info=\u00bb{}\u00bb]<a href=\"#proceso\" class=\"mi-enlace\">Testing Process<\/a>[\/et_pb_text][\/et_pb_column][et_pb_column type=\u00bb1_5&#8243; _builder_version=\u00bb4.20.4&#8243; _module_preset=\u00bbdefault\u00bb custom_css_main_element=\u00bbwidth: 20% !important;\u00bb global_colors_info=\u00bb{}\u00bb][et_pb_text _builder_version=\u00bb4.20.4&#8243; _module_preset=\u00bbdefault\u00bb text_font=\u00bb|600|||||||\u00bb text_text_color=\u00bb#ffffff\u00bb text_orientation=\u00bbcenter\u00bb custom_padding=\u00bb|18px|||false|false\u00bb border_width_right=\u00bb1px\u00bb border_color_right=\u00bb#9b9b9b\u00bb global_colors_info=\u00bb{}\u00bb]<a href=\"#pintura\" class=\"mi-enlace\">Electrostatic Painting<\/a>[\/et_pb_text][\/et_pb_column][et_pb_column type=\u00bb1_5&#8243; _builder_version=\u00bb4.20.4&#8243; _module_preset=\u00bbdefault\u00bb custom_css_main_element=\u00bbwidth: 20% !important;\u00bb global_colors_info=\u00bb{}\u00bb][et_pb_text _builder_version=\u00bb4.20.4&#8243; _module_preset=\u00bbdefault\u00bb text_font=\u00bb|600|||||||\u00bb text_text_color=\u00bb#ffffff\u00bb text_orientation=\u00bbcenter\u00bb custom_padding=\u00bb|18px|||false|false\u00bb border_color_right=\u00bb#9b9b9b\u00bb global_colors_info=\u00bb{}\u00bb]<a href=\"#terminado\" class=\"mi-enlace\">Finished Product<\/a>[\/et_pb_text][\/et_pb_column][\/et_pb_row][\/et_pb_section][et_pb_section fb_built=\u00bb1&#8243; disabled_on=\u00bboff|on|on\u00bb _builder_version=\u00bb4.20.4&#8243; _module_preset=\u00bbdefault\u00bb background_color=\u00bb#000000&#8243; custom_padding=\u00bb0px||3px|||\u00bb global_colors_info=\u00bb{}\u00bb][et_pb_row column_structure=\u00bb1_5,1_5,1_5,1_5,1_5&#8243; use_custom_gutter=\u00bbon\u00bb gutter_width=\u00bb2&#8243; make_equal=\u00bbon\u00bb _builder_version=\u00bb4.20.4&#8243; _module_preset=\u00bbdefault\u00bb width=\u00bb70%\u00bb global_colors_info=\u00bb{}\u00bb][et_pb_column type=\u00bb1_5&#8243; _builder_version=\u00bb4.20.4&#8243; _module_preset=\u00bbdefault\u00bb global_colors_info=\u00bb{}\u00bb][et_pb_text _builder_version=\u00bb4.20.4&#8243; _module_preset=\u00bbdefault\u00bb text_font=\u00bb|600|||||||\u00bb text_text_color=\u00bb#ffffff\u00bb text_orientation=\u00bbcenter\u00bb custom_margin=\u00bb||||false|false\u00bb custom_padding=\u00bb|||12px|false|false\u00bb border_width_right=\u00bb1px\u00bb border_color_right=\u00bb#9b9b9b\u00bb global_colors_info=\u00bb{}\u00bb]<a href=\"#planeacion\" class=\"mi-enlace\">Planning<\/a>[\/et_pb_text][\/et_pb_column][et_pb_column type=\u00bb1_5&#8243; _builder_version=\u00bb4.20.4&#8243; _module_preset=\u00bbdefault\u00bb custom_padding=\u00bb||||false|false\u00bb global_colors_info=\u00bb{}\u00bb][et_pb_text _builder_version=\u00bb4.20.4&#8243; _module_preset=\u00bbdefault\u00bb text_font=\u00bb|600|||||||\u00bb text_text_color=\u00bb#ffffff\u00bb text_orientation=\u00bbcenter\u00bb custom_margin=\u00bb||||false|false\u00bb custom_padding=\u00bb|8px|||false|false\u00bb border_width_right=\u00bb1px\u00bb border_color_right=\u00bb#9b9b9b\u00bb global_colors_info=\u00bb{}\u00bb]<a href=\"#corte\" class=\"mi-enlace\">Robotic Cutting and Welding<\/a>[\/et_pb_text][\/et_pb_column][et_pb_column type=\u00bb1_5&#8243; _builder_version=\u00bb4.20.4&#8243; _module_preset=\u00bbdefault\u00bb global_colors_info=\u00bb{}\u00bb][et_pb_text _builder_version=\u00bb4.20.4&#8243; _module_preset=\u00bbdefault\u00bb text_font=\u00bb|600|||||||\u00bb text_text_color=\u00bb#ffffff\u00bb text_orientation=\u00bbcenter\u00bb custom_padding=\u00bb|20px|||false|false\u00bb border_width_right=\u00bb1px\u00bb border_color_right=\u00bb#9b9b9b\u00bb global_colors_info=\u00bb{}\u00bb]<a href=\"#proceso\" class=\"mi-enlace\">Testing Process<\/a>[\/et_pb_text][\/et_pb_column][et_pb_column type=\u00bb1_5&#8243; _builder_version=\u00bb4.20.4&#8243; _module_preset=\u00bbdefault\u00bb global_colors_info=\u00bb{}\u00bb][et_pb_text _builder_version=\u00bb4.20.4&#8243; _module_preset=\u00bbdefault\u00bb text_font=\u00bb|600|||||||\u00bb text_text_color=\u00bb#ffffff\u00bb text_orientation=\u00bbcenter\u00bb custom_padding=\u00bb|18px|||false|false\u00bb border_width_right=\u00bb1px\u00bb border_color_right=\u00bb#9b9b9b\u00bb global_colors_info=\u00bb{}\u00bb]<a href=\"#pintura\" class=\"mi-enlace\">Electrostatic Painting<\/a>[\/et_pb_text][\/et_pb_column][et_pb_column type=\u00bb1_5&#8243; _builder_version=\u00bb4.20.4&#8243; _module_preset=\u00bbdefault\u00bb global_colors_info=\u00bb{}\u00bb][et_pb_text _builder_version=\u00bb4.20.4&#8243; _module_preset=\u00bbdefault\u00bb text_font=\u00bb|600|||||||\u00bb text_text_color=\u00bb#ffffff\u00bb text_orientation=\u00bbcenter\u00bb custom_padding=\u00bb|18px|||false|false\u00bb border_color_right=\u00bb#9b9b9b\u00bb global_colors_info=\u00bb{}\u00bb]<a href=\"#terminado\" class=\"mi-enlace\">Finished Product<\/a>[\/et_pb_text][\/et_pb_column][\/et_pb_row][\/et_pb_section][et_pb_section fb_built=\u00bb1&#8243; module_id=\u00bbplaneacion\u00bb _builder_version=\u00bb4.20.4&#8243; _module_preset=\u00bbdefault\u00bb background_color=\u00bb#f1f3f6&#8243; custom_margin=\u00bb||||false|false\u00bb custom_padding=\u00bb0px||0px||false|false\u00bb global_colors_info=\u00bb{}\u00bb][et_pb_row column_structure=\u00bb1_2,1_2&#8243; _builder_version=\u00bb4.20.4&#8243; _module_preset=\u00bbdefault\u00bb background_enable_color=\u00bboff\u00bb width=\u00bb60%\u00bb custom_padding=\u00bb||0px|||\u00bb global_colors_info=\u00bb{}\u00bb][et_pb_column type=\u00bb1_2&#8243; _builder_version=\u00bb4.20.4&#8243; _module_preset=\u00bbdefault\u00bb global_colors_info=\u00bb{}\u00bb][et_pb_text _builder_version=\u00bb4.20.4&#8243; _module_preset=\u00bbdefault\u00bb text_text_color=\u00bb#000000&#8243; text_line_height=\u00bb1.2em\u00bb header_font=\u00bb|700|||||||\u00bb header_font_size=\u00bb36px\u00bb global_colors_info=\u00bb{}\u00bb]<\/p>\n<h1>Planning<\/h1>\n<p>We develop and work on shop drawings and manufacturing listers with specialized software.<\/p>\n<p>[\/et_pb_text][\/et_pb_column][et_pb_column type=\u00bb1_2&#8243; _builder_version=\u00bb4.20.4&#8243; _module_preset=\u00bbdefault\u00bb global_colors_info=\u00bb{}\u00bb][et_pb_image src=\u00bbhttp:\/\/prefabsol.com\/wp-content\/uploads\/2023\/04\/planeacionok.png\u00bb title_text=\u00bbplaneacionok\u00bb _builder_version=\u00bb4.20.4&#8243; _module_preset=\u00bbdefault\u00bb z_index=\u00bb9999&#8243; custom_margin=\u00bb||||false|false\u00bb custom_padding=\u00bb||||false|false\u00bb global_colors_info=\u00bb{}\u00bb][\/et_pb_image][\/et_pb_column][\/et_pb_row][\/et_pb_section][et_pb_section fb_built=\u00bb1&#8243; module_id=\u00bbcorte\u00bb _builder_version=\u00bb4.20.4&#8243; _module_preset=\u00bbdefault\u00bb custom_margin=\u00bb-45px||||false|false\u00bb global_colors_info=\u00bb{}\u00bb][et_pb_row column_structure=\u00bb1_2,1_2&#8243; _builder_version=\u00bb4.20.4&#8243; _module_preset=\u00bbdefault\u00bb global_colors_info=\u00bb{}\u00bb][et_pb_column type=\u00bb1_2&#8243; _builder_version=\u00bb4.20.4&#8243; _module_preset=\u00bbdefault\u00bb global_colors_info=\u00bb{}\u00bb][et_pb_text _builder_version=\u00bb4.21.0&#8243; _module_preset=\u00bbdefault\u00bb hover_enabled=\u00bb0&#8243; sticky_enabled=\u00bb0&#8243;]<\/p>\n<a id=\"69f399acc6e4d\" rel=\"wp-video-lightbox\" href=\"https:\/\/www.youtube.com\/watch?v=He52NWwqpNc&#038;width=640&#038;height=480\" title=\"\"><img decoding=\"async\" src=\"https:\/\/prefabsol.com\/wp-content\/uploads\/2023\/04\/corte.jpg\" class=\"video_lightbox_anchor_image\" alt=\"\" \/><\/a>    <script>\r\n    \/* <![CDATA[ *\/\r\n    jQuery(document).ready(function($){\r\n        $(function(){\r\n            var width = $(window).innerWidth();\r\n            var setwidth = parseFloat(640);\r\n            var ratio = parseFloat(0.75);\r\n            var height = parseFloat(480);\r\n            var link = 'https:\/\/www.youtube.com\/watch?v=He52NWwqpNc&amp;width=640&amp;height=480';\r\n            if(width < setwidth)\r\n            {\r\n                height = Math.floor(width * 0.75);\r\n                \/\/console.log(\"device width \"+width+\", set width \"+640+\", ratio \"+0.75+\", new height \"+ height);\r\n                var new_url = wpvl_paramReplace('width', link, width);\r\n                var new_url = wpvl_paramReplace('height', new_url, height);\r\n                $(\"a#69f399acc6e4d\").attr('href', new_url);\r\n                \/\/console.log(new_url);\r\n            }\r\n        });\r\n    });\r\n    \/* ]]> *\/\r\n    <\/script>\n<p>[\/et_pb_text][et_pb_text _builder_version=\u00bb4.20.4&#8243; _module_preset=\u00bbdefault\u00bb global_colors_info=\u00bb{}\u00bb]<span style=\"color: #d50d1b;\">Watch our process video.<\/span>[\/et_pb_text][\/et_pb_column][et_pb_column type=\u00bb1_2&#8243; _builder_version=\u00bb4.20.4&#8243; _module_preset=\u00bbdefault\u00bb global_colors_info=\u00bb{}\u00bb][et_pb_text _builder_version=\u00bb4.20.4&#8243; _module_preset=\u00bbdefault\u00bb text_text_color=\u00bb#000000&#8243; text_line_height=\u00bb1.2em\u00bb header_font=\u00bb|600|||||||\u00bb header_font_size=\u00bb36px\u00bb global_colors_info=\u00bb{}\u00bb]<\/p>\n<h1>Robotic Cutting and Welding<\/h1>\n<p>Our production is made through robotic cutting of and welding mecanisms, while working with the most rigorous quality standards.<\/p>\n<p>The cutting machine uses a plasma system to cut the pipe, this allows holes to be made in the pipe.<\/p>\n<p>The automatic welding equipment could weld \u00bd \u201d\u2013 3\u201d threaded outlets and 1\u00bc \u201d\u2013 4\u201d grooved outlets on 1\u00bc \u201dto 8\" pipe; outlets can be welded in position: top, bottom, right or left.<\/p>\n<p>[\/et_pb_text][\/et_pb_column][\/et_pb_row][\/et_pb_section][et_pb_section fb_built=\u00bb1&#8243; module_id=\u00bbproceso\u00bb _builder_version=\u00bb4.20.4&#8243; _module_preset=\u00bbdefault\u00bb background_color=\u00bb#f1f3f6&#8243; custom_margin=\u00bb||||false|false\u00bb custom_padding=\u00bb0px||0px||false|false\u00bb global_colors_info=\u00bb{}\u00bb][et_pb_row column_structure=\u00bb1_2,1_2&#8243; _builder_version=\u00bb4.20.4&#8243; _module_preset=\u00bbdefault\u00bb background_enable_color=\u00bboff\u00bb width=\u00bb60%\u00bb custom_padding=\u00bb||0px||false|false\u00bb global_colors_info=\u00bb{}\u00bb][et_pb_column type=\u00bb1_2&#8243; _builder_version=\u00bb4.20.4&#8243; _module_preset=\u00bbdefault\u00bb global_colors_info=\u00bb{}\u00bb][et_pb_text _builder_version=\u00bb4.20.4&#8243; _module_preset=\u00bbdefault\u00bb text_text_color=\u00bb#000000&#8243; text_line_height=\u00bb1.2em\u00bb header_font=\u00bb|700|||||||\u00bb header_font_size=\u00bb36px\u00bb global_colors_info=\u00bb{}\u00bb]<\/p>\n<h1>Testing Process<\/h1>\n<p>Once the cutting and welding process is completed, the piece is cleaned together with a visual inspection.<br \/>\naunado a una inspecci\u00f3n visual, despu\u00e9s se aplican las pruebas de l\u00edquidos penetrantes a cada soldadura, para descartar la existencia de alguna imperfecci\u00f3n en el cord\u00f3n.[\/et_pb_text][\/et_pb_column][et_pb_column type=\u00bb1_2&#8243; _builder_version=\u00bb4.20.4&#8243; _module_preset=\u00bbdefault\u00bb global_colors_info=\u00bb{}\u00bb][et_pb_image src=\u00bbhttp:\/\/prefabsol.com\/wp-content\/uploads\/2023\/04\/proceso-pruebasok.png\u00bb title_text=\u00bbproceso-pruebasok\u00bb _builder_version=\u00bb4.20.4&#8243; _module_preset=\u00bbdefault\u00bb width=\u00bb140%\u00bb custom_margin=\u00bb-40px||||false|false\u00bb custom_margin_tablet=\u00bb-40px||||false|false\u00bb custom_margin_phone=\u00bb0px||||false|false\u00bb custom_margin_last_edited=\u00bbon|desktop\u00bb custom_padding=\u00bb||||false|false\u00bb global_colors_info=\u00bb{}\u00bb][\/et_pb_image][\/et_pb_column][\/et_pb_row][\/et_pb_section][et_pb_section fb_built=\u00bb1&#8243; module_id=\u00bbpintura\u00bb _builder_version=\u00bb4.20.4&#8243; _module_preset=\u00bbdefault\u00bb custom_margin=\u00bb-25px||||false|false\u00bb custom_padding=\u00bb70px|||||\u00bb global_colors_info=\u00bb{}\u00bb][et_pb_row column_structure=\u00bb1_2,1_2&#8243; _builder_version=\u00bb4.20.4&#8243; _module_preset=\u00bbdefault\u00bb global_colors_info=\u00bb{}\u00bb][et_pb_column type=\u00bb1_2&#8243; _builder_version=\u00bb4.20.4&#8243; _module_preset=\u00bbdefault\u00bb global_colors_info=\u00bb{}\u00bb][et_pb_text _builder_version=\u00bb4.21.0&#8243; _module_preset=\u00bbdefault\u00bb hover_enabled=\u00bb0&#8243; sticky_enabled=\u00bb0&#8243;]<\/p>\n<a id=\"69f399acc6eae\" rel=\"wp-video-lightbox\" href=\"https:\/\/www.youtube.com\/watch?v=sAXoB7hlJhQ&#038;width=640&#038;height=480\" title=\"\"><img decoding=\"async\" src=\"https:\/\/prefabsol.com\/wp-content\/uploads\/2023\/04\/pintura.jpg\" class=\"video_lightbox_anchor_image\" alt=\"\" \/><\/a>    <script>\r\n    \/* <![CDATA[ *\/\r\n    jQuery(document).ready(function($){\r\n        $(function(){\r\n            var width = $(window).innerWidth();\r\n            var setwidth = parseFloat(640);\r\n            var ratio = parseFloat(0.75);\r\n            var height = parseFloat(480);\r\n            var link = 'https:\/\/www.youtube.com\/watch?v=sAXoB7hlJhQ&amp;width=640&amp;height=480';\r\n            if(width < setwidth)\r\n            {\r\n                height = Math.floor(width * 0.75);\r\n                \/\/console.log(\"device width \"+width+\", set width \"+640+\", ratio \"+0.75+\", new height \"+ height);\r\n                var new_url = wpvl_paramReplace('width', link, width);\r\n                var new_url = wpvl_paramReplace('height', new_url, height);\r\n                $(\"a#69f399acc6eae\").attr('href', new_url);\r\n                \/\/console.log(new_url);\r\n            }\r\n        });\r\n    });\r\n    \/* ]]> *\/\r\n    <\/script>\n<p>[\/et_pb_text][et_pb_text _builder_version=\u00bb4.20.4&#8243; _module_preset=\u00bbdefault\u00bb global_colors_info=\u00bb{}\u00bb]<span style=\"color: #d50d1b;\">Watch our process video.<\/span>[\/et_pb_text][\/et_pb_column][et_pb_column type=\u00bb1_2&#8243; _builder_version=\u00bb4.20.4&#8243; _module_preset=\u00bbdefault\u00bb global_colors_info=\u00bb{}\u00bb][et_pb_text _builder_version=\u00bb4.20.4&#8243; _module_preset=\u00bbdefault\u00bb text_text_color=\u00bb#000000&#8243; text_line_height=\u00bb1.2em\u00bb header_font=\u00bb|600|||||||\u00bb header_font_size=\u00bb36px\u00bb global_colors_info=\u00bb{}\u00bb]<\/p>\n<h1>Electrostatic Painting<\/h1>\n<p>Once the manufacturing process is finished, the painting stage continues, where the pipes are initially cleaned through a sandblast process.<\/p>\n<p>Then, the pipes are transferred to the cabin where 4 layers of electrostatic paint are applied, completely covering the pipe.<\/p>\n<p>The thickness of the paint layer on painted pipe is between 2 to 3 mils.<\/p>\n<p>[\/et_pb_text][\/et_pb_column][\/et_pb_row][et_pb_row _builder_version=\u00bb4.20.4&#8243; _module_preset=\u00bbdefault\u00bb global_colors_info=\u00bb{}\u00bb][et_pb_column type=\u00bb4_4&#8243; _builder_version=\u00bb4.20.4&#8243; _module_preset=\u00bbdefault\u00bb global_colors_info=\u00bb{}\u00bb][et_pb_image src=\u00bbhttp:\/\/prefabsol.com\/wp-content\/uploads\/2023\/04\/bloque-fotosok.png\u00bb title_text=\u00bbbloque-fotosok\u00bb align=\u00bbcenter\u00bb _builder_version=\u00bb4.20.4&#8243; _module_preset=\u00bbdefault\u00bb global_colors_info=\u00bb{}\u00bb][\/et_pb_image][\/et_pb_column][\/et_pb_row][\/et_pb_section][et_pb_section fb_built=\u00bb1&#8243; module_id=\u00bbterminado\u00bb _builder_version=\u00bb4.20.4&#8243; _module_preset=\u00bbdefault\u00bb background_color=\u00bb#f1f3f6&#8243; custom_margin=\u00bb-145px||||false|false\u00bb custom_padding=\u00bb90px||||false|false\u00bb global_colors_info=\u00bb{}\u00bb][et_pb_row _builder_version=\u00bb4.20.4&#8243; _module_preset=\u00bbdefault\u00bb custom_padding=\u00bb||0px|||\u00bb global_colors_info=\u00bb{}\u00bb][et_pb_column type=\u00bb4_4&#8243; _builder_version=\u00bb4.20.4&#8243; _module_preset=\u00bbdefault\u00bb global_colors_info=\u00bb{}\u00bb][et_pb_text _builder_version=\u00bb4.20.4&#8243; _module_preset=\u00bbdefault\u00bb header_font=\u00bb|600|||||||\u00bb header_font_size=\u00bb36px\u00bb global_colors_info=\u00bb{}\u00bb]<\/p>\n<h1>Finished product<\/h1>\n<p>[\/et_pb_text][\/et_pb_column][\/et_pb_row][et_pb_row _builder_version=\u00bb4.20.4&#8243; _module_preset=\u00bbdefault\u00bb global_colors_info=\u00bb{}\u00bb][et_pb_column type=\u00bb4_4&#8243; _builder_version=\u00bb4.20.4&#8243; _module_preset=\u00bbdefault\u00bb global_colors_info=\u00bb{}\u00bb][et_pb_gallery gallery_ids=\u00bb392,547,548,549,550,551,552&#8243; fullwidth=\u00bbon\u00bb _builder_version=\u00bb4.21.0&#8243; _module_preset=\u00bbdefault\u00bb pagination_font=\u00bb|600|||||||\u00bb pagination_text_color=\u00bb#ffffff\u00bb pagination_font_size=\u00bb20px\u00bb global_colors_info=\u00bb{}\u00bb][\/et_pb_gallery][\/et_pb_column][\/et_pb_row][et_pb_row column_structure=\u00bb2_3,1_3&#8243; _builder_version=\u00bb4.20.4&#8243; _module_preset=\u00bbdefault\u00bb background_color=\u00bb#ffffff\u00bb custom_padding=\u00bb|||25px|false|false\u00bb border_radii=\u00bbon|5px|5px|5px|5px\u00bb box_shadow_style=\u00bbpreset2&#8243; box_shadow_blur=\u00bb24px\u00bb box_shadow_color=\u00bbrgba(0,0,0,0.13)\u00bb global_colors_info=\u00bb{}\u00bb][et_pb_column type=\u00bb2_3&#8243; _builder_version=\u00bb4.20.4&#8243; _module_preset=\u00bbdefault\u00bb global_colors_info=\u00bb{}\u00bb][et_pb_text _builder_version=\u00bb4.20.4&#8243; _module_preset=\u00bbdefault\u00bb text_text_color=\u00bb#000000&#8243; global_colors_info=\u00bb{}\u00bb]<\/p>\n<p>We work aligned with the most rigorous quality standards and use UL\/FM listed and approved materials.<\/p>\n<p>[\/et_pb_text][\/et_pb_column][et_pb_column type=\u00bb1_3&#8243; _builder_version=\u00bb4.20.4&#8243; _module_preset=\u00bbdefault\u00bb global_colors_info=\u00bb{}\u00bb][et_pb_image src=\u00bbhttp:\/\/prefabsol.com\/wp-content\/uploads\/2023\/04\/ULlisted-fmapproved-logos.svg\u00bb title_text=\u00bbULlisted-fmapproved-logos\u00bb _builder_version=\u00bb4.20.4&#8243; _module_preset=\u00bbdefault\u00bb global_colors_info=\u00bb{}\u00bb][\/et_pb_image][\/et_pb_column][\/et_pb_row][\/et_pb_section]<\/p>","protected":false},"excerpt":{"rendered":"<p>\u00a0 \u00a0 \u00a0ProcesoPlaneaci\u00f3nplaneacionCorte y Soldadura RobotizadosProceso de PruebasPintura Electrost\u00e1ticaProducto TerminadoPlaneaci\u00f3nCorte y Soldadura RobotizadosProceso de PruebasPintura Electrost\u00e1ticaProducto TerminadoPlaneaci\u00f3n Desarrollamos y trabajamos los shop drawings y listers de fabricaci\u00f3n con software especializados.<a id=\"69f399ad189cd\" rel=\"wp-video-lightbox\" href=\"https:\/\/www.youtube.com\/watch?v=He52NWwqpNc&#038;width=640&#038;height=480\" title=\"\"><img decoding=\"async\" src=\"https:\/\/prefabsol.com\/wp-content\/uploads\/2023\/04\/corte.jpg\" class=\"video_lightbox_anchor_image\" alt=\"\" \/><\/a>    <script>\r\n    \/* <![CDATA[ *\/\r\n    jQuery(document).ready(function($){\r\n        $(function(){\r\n            var width = $(window).innerWidth();\r\n            var setwidth = parseFloat(640);\r\n            var ratio = parseFloat(0.75);\r\n            var height = parseFloat(480);\r\n            var link = 'https:\/\/www.youtube.com\/watch?v=He52NWwqpNc&amp;width=640&amp;height=480';\r\n            if(width < setwidth)\r\n            {\r\n                height = Math.floor(width * 0.75);\r\n                \/\/console.log(\"device width \"+width+\", set width \"+640+\", ratio \"+0.75+\", new height \"+ height);\r\n                var new_url = wpvl_paramReplace('width', link, width);\r\n                var new_url = wpvl_paramReplace('height', new_url, height);\r\n                $(\"a#69f399ad189cd\").attr('href', new_url);\r\n                \/\/console.log(new_url);\r\n            }\r\n        });\r\n    });\r\n    \/* ]]> *\/\r\n    <\/script>Ve el video de nuestro proceso.Corte y Soldadura Robotizados Nuestra producci\u00f3n se realiza mediante mecanismos robotizados de corte y soldadura, trabajando con [&hellip;]<\/p>","protected":false},"author":1,"featured_media":0,"parent":0,"menu_order":0,"comment_status":"closed","ping_status":"closed","template":"","meta":{"_et_pb_use_builder":"on","_et_pb_old_content":"","_et_gb_content_width":"","_mi_skip_tracking":false,"_joinchat":[],"footnotes":""},"aioseo_notices":[],"_links":{"self":[{"href":"https:\/\/prefabsol.com\/en\/wp-json\/wp\/v2\/pages\/68"}],"collection":[{"href":"https:\/\/prefabsol.com\/en\/wp-json\/wp\/v2\/pages"}],"about":[{"href":"https:\/\/prefabsol.com\/en\/wp-json\/wp\/v2\/types\/page"}],"author":[{"embeddable":true,"href":"https:\/\/prefabsol.com\/en\/wp-json\/wp\/v2\/users\/1"}],"replies":[{"embeddable":true,"href":"https:\/\/prefabsol.com\/en\/wp-json\/wp\/v2\/comments?post=68"}],"version-history":[{"count":38,"href":"https:\/\/prefabsol.com\/en\/wp-json\/wp\/v2\/pages\/68\/revisions"}],"predecessor-version":[{"id":2015,"href":"https:\/\/prefabsol.com\/en\/wp-json\/wp\/v2\/pages\/68\/revisions\/2015"}],"wp:attachment":[{"href":"https:\/\/prefabsol.com\/en\/wp-json\/wp\/v2\/media?parent=68"}],"curies":[{"name":"wp","href":"https:\/\/api.w.org\/{rel}","templated":true}]}}